{"id":9592,"date":"2021-07-19T11:30:06","date_gmt":"2021-07-19T09:30:06","guid":{"rendered":"https:\/\/www.veniceredhouse.com\/appartements-a-venise\/venice-lido\/"},"modified":"2021-07-19T13:10:16","modified_gmt":"2021-07-19T11:10:16","slug":"venice-lido","status":"publish","type":"page","link":"https:\/\/veniceredhouse.com\/fr\/appartements-a-venise\/lido-de-venise\/","title":{"rendered":"Apartements au Lido de Venise"},"content":{"rendered":"<div class=\"body-center\">\n<div class=\"apt-category-payoff\">\n<h2 lang=\"en-US\">Une s\u00e9lection de apartements en bord de mer au Lido de Venise: une petite \u00eele connue pour son architecture Art d\u00e9co, ses stations baln\u00e9aires et ses plages de sable<\/h2>\n<\/div>\n<div style=\"text-align:center;margin:50px 0;\"><a class=\"button\" href=\"https:\/\/veniceredhouse.com\/apartments-in-venice\/\">Trouvez votre appartement<\/a><\/div>\n\n\n\n<div id=\"wpv-view-layout-2814-CATTR266ceccef1b94ec6f00d02cbc3c48a8aTCPID9592\" class=\"js-wpv-view-layout js-wpv-layout-responsive js-wpv-view-layout-2814-CATTR266ceccef1b94ec6f00d02cbc3c48a8aTCPID9592\" data-viewnumber=\"2814-CATTR266ceccef1b94ec6f00d02cbc3c48a8aTCPID9592\" data-pagination=\"{&quot;id&quot;:2814,&quot;base_permalink&quot;:&quot;\/fr\/wp-json\/wp\/v2\/pages\/9592?wpv_view_count=2814-CATTR266ceccef1b94ec6f00d02cbc3c48a8aTCPID9592&amp;wpv_paged=WPV_PAGE_NUM&quot;,&quot;query&quot;:&quot;normal&quot;,&quot;type&quot;:&quot;disabled&quot;,&quot;effect&quot;:&quot;infinite&quot;,&quot;duration&quot;:500,&quot;speed&quot;:5,&quot;pause_on_hover&quot;:&quot;disabled&quot;,&quot;stop_rollover&quot;:&quot;false&quot;,&quot;cache_pages&quot;:&quot;enabled&quot;,&quot;preload_images&quot;:&quot;enabled&quot;,&quot;preload_pages&quot;:&quot;enabled&quot;,&quot;preload_reach&quot;:1,&quot;spinner&quot;:&quot;builtin&quot;,&quot;spinner_image&quot;:&quot;https:\/\/veniceredhouse.com\/wp-content\/plugins\/wp-views\/embedded\/res\/img\/ajax-loader.gif&quot;,&quot;callback_next&quot;:&quot;&quot;,&quot;manage_history&quot;:&quot;enabled&quot;,&quot;has_controls_in_form&quot;:&quot;disabled&quot;,&quot;infinite_tolerance&quot;:-500,&quot;max_pages&quot;:0,&quot;page&quot;:1,&quot;loop&quot;:{&quot;type&quot;:&quot;&quot;,&quot;name&quot;:&quot;&quot;,&quot;data&quot;:[],&quot;id&quot;:0}}\" data-permalink=\"\/fr\/wp-json\/wp\/v2\/pages\/9592?wpv_view_count=2814-CATTR266ceccef1b94ec6f00d02cbc3c48a8aTCPID9592\">\n\n\t\n\t\n <div class=\"row\">\n\t\t<!-- WPV_Infinite_Scroll --><!-- WPV_Infinite_Scroll_Insert -->\n          <div class=\"col-md-4 mt-4\">\n           \n          \t<a href=\"https:\/\/veniceredhouse.com\/fr\/appartements-a-venise\/ca-orso-marino\/\"><img loading=\"lazy\" decoding=\"async\" width=\"1920\" height=\"1281\" src=\"https:\/\/veniceredhouse.com\/wp-content\/uploads\/2025\/05\/ca_orso_marino_27.jpg\" class=\"attachment-full size-full wp-post-image\" alt=\"\" srcset=\"https:\/\/veniceredhouse.com\/wp-content\/uploads\/2025\/05\/ca_orso_marino_27.jpg 1920w, https:\/\/veniceredhouse.com\/wp-content\/uploads\/2025\/05\/ca_orso_marino_27-300x200.jpg 300w, https:\/\/veniceredhouse.com\/wp-content\/uploads\/2025\/05\/ca_orso_marino_27-1024x683.jpg 1024w, https:\/\/veniceredhouse.com\/wp-content\/uploads\/2025\/05\/ca_orso_marino_27-1536x1025.jpg 1536w, https:\/\/veniceredhouse.com\/wp-content\/uploads\/2025\/05\/ca_orso_marino_27-1320x881.jpg 1320w\" sizes=\"(max-width: 1920px) 100vw, 1920px\" \/><\/a>\n            <h3 class=\"title-apt-category\"><a href=\"https:\/\/veniceredhouse.com\/fr\/appartements-a-venise\/ca-orso-marino\/\">Ca&rsquo; Orso Marino<\/a><\/h3>\n          \t<div class=\"related-img-box-category\"><div class=\"row\"><div class=\"col-3\"><img decoding=\"async\" src=\"\/wp-content\/themes\/veniceredhouse_com\/images\/icone grige Apt\/RHC-Guests.png\" title=\"guests\"><br>6<\/div>\n    <div class=\"col-3\"><img decoding=\"async\" src=\"\/wp-content\/themes\/veniceredhouse_com\/images\/icone grige Apt\/RHC-Beedrooms.png\" title=\"bedrooms\"><br>3<\/div>\n   <div class=\"col-3\"><img decoding=\"async\" src=\"\/wp-content\/themes\/veniceredhouse_com\/images\/icone grige Apt\/RHC-Bed.png\" title=\"beds\"><br>5<\/div>\n   <div class=\"col-3\"><img decoding=\"async\" src=\"\/wp-content\/themes\/veniceredhouse_com\/images\/icone grige Apt\/RHC-Bath.png\" title=\"bathrooms\"><br>2<\/div>\n              <\/div>\n            <div class=\"minimum-price-category\">From: 250 \u20ac\/night<\/div>\n            <\/div><\/div>\n\t\t\n          <div class=\"col-md-4 mt-4\">\n           \n          \t<a href=\"https:\/\/veniceredhouse.com\/fr\/appartements-a-venise\/calmo-3-dx-apartment\/\"><img loading=\"lazy\" decoding=\"async\" width=\"1920\" height=\"1280\" src=\"https:\/\/veniceredhouse.com\/wp-content\/uploads\/2021\/07\/Calmo-DX-2-Levi-Apartment_03.jpg\" class=\"attachment-full size-full wp-post-image\" alt=\"\" srcset=\"https:\/\/veniceredhouse.com\/wp-content\/uploads\/2021\/07\/Calmo-DX-2-Levi-Apartment_03.jpg 1920w, https:\/\/veniceredhouse.com\/wp-content\/uploads\/2021\/07\/Calmo-DX-2-Levi-Apartment_03-300x200.jpg 300w, https:\/\/veniceredhouse.com\/wp-content\/uploads\/2021\/07\/Calmo-DX-2-Levi-Apartment_03-1024x683.jpg 1024w, https:\/\/veniceredhouse.com\/wp-content\/uploads\/2021\/07\/Calmo-DX-2-Levi-Apartment_03-1536x1024.jpg 1536w, https:\/\/veniceredhouse.com\/wp-content\/uploads\/2021\/07\/Calmo-DX-2-Levi-Apartment_03-1320x880.jpg 1320w\" sizes=\"(max-width: 1920px) 100vw, 1920px\" \/><\/a>\n            <h3 class=\"title-apt-category\"><a href=\"https:\/\/veniceredhouse.com\/fr\/appartements-a-venise\/calmo-3-dx-apartment\/\">Appartement Calmo 3 DX<\/a><\/h3>\n          \t<div class=\"related-img-box-category\"><div class=\"row\"><div class=\"col-3\"><img decoding=\"async\" src=\"\/wp-content\/themes\/veniceredhouse_com\/images\/icone grige Apt\/RHC-Guests.png\" title=\"guests\"><br>5<\/div>\n    <div class=\"col-3\"><img decoding=\"async\" src=\"\/wp-content\/themes\/veniceredhouse_com\/images\/icone grige Apt\/RHC-Beedrooms.png\" title=\"bedrooms\"><br>2<\/div>\n   <div class=\"col-3\"><img decoding=\"async\" src=\"\/wp-content\/themes\/veniceredhouse_com\/images\/icone grige Apt\/RHC-Bed.png\" title=\"beds\"><br>3<\/div>\n   <div class=\"col-3\"><img decoding=\"async\" src=\"\/wp-content\/themes\/veniceredhouse_com\/images\/icone grige Apt\/RHC-Bath.png\" title=\"bathrooms\"><br>2<\/div>\n              <\/div>\n            <div class=\"minimum-price-category\">From: 190 \u20ac\/night<\/div>\n            <\/div><\/div>\n\t\t\n          <div class=\"col-md-4 mt-4\">\n           \n          \t<a href=\"https:\/\/veniceredhouse.com\/fr\/appartements-a-venise\/calmo-3-sx-apartment\/\"><img loading=\"lazy\" decoding=\"async\" width=\"1920\" height=\"1280\" src=\"https:\/\/veniceredhouse.com\/wp-content\/uploads\/2021\/07\/Calmo-DX-3-Levi-Apartment_01.jpg\" class=\"attachment-full size-full wp-post-image\" alt=\"\" srcset=\"https:\/\/veniceredhouse.com\/wp-content\/uploads\/2021\/07\/Calmo-DX-3-Levi-Apartment_01.jpg 1920w, https:\/\/veniceredhouse.com\/wp-content\/uploads\/2021\/07\/Calmo-DX-3-Levi-Apartment_01-300x200.jpg 300w, https:\/\/veniceredhouse.com\/wp-content\/uploads\/2021\/07\/Calmo-DX-3-Levi-Apartment_01-1024x683.jpg 1024w, https:\/\/veniceredhouse.com\/wp-content\/uploads\/2021\/07\/Calmo-DX-3-Levi-Apartment_01-1536x1024.jpg 1536w, https:\/\/veniceredhouse.com\/wp-content\/uploads\/2021\/07\/Calmo-DX-3-Levi-Apartment_01-1320x880.jpg 1320w\" sizes=\"(max-width: 1920px) 100vw, 1920px\" \/><\/a>\n            <h3 class=\"title-apt-category\"><a href=\"https:\/\/veniceredhouse.com\/fr\/appartements-a-venise\/calmo-3-sx-apartment\/\">Appartement Calmo 3 SX<\/a><\/h3>\n          \t<div class=\"related-img-box-category\"><div class=\"row\"><div class=\"col-3\"><img decoding=\"async\" src=\"\/wp-content\/themes\/veniceredhouse_com\/images\/icone grige Apt\/RHC-Guests.png\" title=\"guests\"><br>5<\/div>\n    <div class=\"col-3\"><img decoding=\"async\" src=\"\/wp-content\/themes\/veniceredhouse_com\/images\/icone grige Apt\/RHC-Beedrooms.png\" title=\"bedrooms\"><br>2<\/div>\n   <div class=\"col-3\"><img decoding=\"async\" src=\"\/wp-content\/themes\/veniceredhouse_com\/images\/icone grige Apt\/RHC-Bed.png\" title=\"beds\"><br>3<\/div>\n   <div class=\"col-3\"><img decoding=\"async\" src=\"\/wp-content\/themes\/veniceredhouse_com\/images\/icone grige Apt\/RHC-Bath.png\" title=\"bathrooms\"><br>2<\/div>\n              <\/div>\n            <div class=\"minimum-price-category\">From: 190 \u20ac\/night<\/div>\n            <\/div><\/div>\n\t\t\n          <div class=\"col-md-4 mt-4\">\n           \n          \t<a href=\"https:\/\/veniceredhouse.com\/fr\/appartements-a-venise\/calmo-2-dx-apartment\/\"><img loading=\"lazy\" decoding=\"async\" width=\"1920\" height=\"1280\" src=\"https:\/\/veniceredhouse.com\/wp-content\/uploads\/2021\/07\/Calmo-DX-2-Levi-Apartment_02.jpg\" class=\"attachment-full size-full wp-post-image\" alt=\"\" srcset=\"https:\/\/veniceredhouse.com\/wp-content\/uploads\/2021\/07\/Calmo-DX-2-Levi-Apartment_02.jpg 1920w, https:\/\/veniceredhouse.com\/wp-content\/uploads\/2021\/07\/Calmo-DX-2-Levi-Apartment_02-300x200.jpg 300w, https:\/\/veniceredhouse.com\/wp-content\/uploads\/2021\/07\/Calmo-DX-2-Levi-Apartment_02-1024x683.jpg 1024w, https:\/\/veniceredhouse.com\/wp-content\/uploads\/2021\/07\/Calmo-DX-2-Levi-Apartment_02-1536x1024.jpg 1536w, https:\/\/veniceredhouse.com\/wp-content\/uploads\/2021\/07\/Calmo-DX-2-Levi-Apartment_02-1320x880.jpg 1320w\" sizes=\"(max-width: 1920px) 100vw, 1920px\" \/><\/a>\n            <h3 class=\"title-apt-category\"><a href=\"https:\/\/veniceredhouse.com\/fr\/appartements-a-venise\/calmo-2-dx-apartment\/\">Appartement Calmo 2 DX<\/a><\/h3>\n          \t<div class=\"related-img-box-category\"><div class=\"row\"><div class=\"col-3\"><img decoding=\"async\" src=\"\/wp-content\/themes\/veniceredhouse_com\/images\/icone grige Apt\/RHC-Guests.png\" title=\"guests\"><br>5<\/div>\n    <div class=\"col-3\"><img decoding=\"async\" src=\"\/wp-content\/themes\/veniceredhouse_com\/images\/icone grige Apt\/RHC-Beedrooms.png\" title=\"bedrooms\"><br>2<\/div>\n   <div class=\"col-3\"><img decoding=\"async\" src=\"\/wp-content\/themes\/veniceredhouse_com\/images\/icone grige Apt\/RHC-Bed.png\" title=\"beds\"><br>3<\/div>\n   <div class=\"col-3\"><img decoding=\"async\" src=\"\/wp-content\/themes\/veniceredhouse_com\/images\/icone grige Apt\/RHC-Bath.png\" title=\"bathrooms\"><br>2<\/div>\n              <\/div>\n            <div class=\"minimum-price-category\">From: 190 \u20ac\/night<\/div>\n            <\/div><\/div>\n\t\t\n          <div class=\"col-md-4 mt-4\">\n           \n          \t<a href=\"https:\/\/veniceredhouse.com\/fr\/appartements-a-venise\/calmo-2-sx-apartment\/\"><img loading=\"lazy\" decoding=\"async\" width=\"1920\" height=\"1280\" src=\"https:\/\/veniceredhouse.com\/wp-content\/uploads\/2021\/07\/Calmo-SX-2-Levi-Apartment_01.jpg\" class=\"attachment-full size-full wp-post-image\" alt=\"\" srcset=\"https:\/\/veniceredhouse.com\/wp-content\/uploads\/2021\/07\/Calmo-SX-2-Levi-Apartment_01.jpg 1920w, https:\/\/veniceredhouse.com\/wp-content\/uploads\/2021\/07\/Calmo-SX-2-Levi-Apartment_01-300x200.jpg 300w, https:\/\/veniceredhouse.com\/wp-content\/uploads\/2021\/07\/Calmo-SX-2-Levi-Apartment_01-1024x683.jpg 1024w, https:\/\/veniceredhouse.com\/wp-content\/uploads\/2021\/07\/Calmo-SX-2-Levi-Apartment_01-1536x1024.jpg 1536w, https:\/\/veniceredhouse.com\/wp-content\/uploads\/2021\/07\/Calmo-SX-2-Levi-Apartment_01-1320x880.jpg 1320w\" sizes=\"(max-width: 1920px) 100vw, 1920px\" \/><\/a>\n            <h3 class=\"title-apt-category\"><a href=\"https:\/\/veniceredhouse.com\/fr\/appartements-a-venise\/calmo-2-sx-apartment\/\">Appartement Calmo 2 SX<\/a><\/h3>\n          \t<div class=\"related-img-box-category\"><div class=\"row\"><div class=\"col-3\"><img decoding=\"async\" src=\"\/wp-content\/themes\/veniceredhouse_com\/images\/icone grige Apt\/RHC-Guests.png\" title=\"guests\"><br>5<\/div>\n    <div class=\"col-3\"><img decoding=\"async\" src=\"\/wp-content\/themes\/veniceredhouse_com\/images\/icone grige Apt\/RHC-Beedrooms.png\" title=\"bedrooms\"><br>2<\/div>\n   <div class=\"col-3\"><img decoding=\"async\" src=\"\/wp-content\/themes\/veniceredhouse_com\/images\/icone grige Apt\/RHC-Bed.png\" title=\"beds\"><br>3<\/div>\n   <div class=\"col-3\"><img decoding=\"async\" src=\"\/wp-content\/themes\/veniceredhouse_com\/images\/icone grige Apt\/RHC-Bath.png\" title=\"bathrooms\"><br>2<\/div>\n              <\/div>\n            <div class=\"minimum-price-category\">From: 190 \u20ac\/night<\/div>\n            <\/div><\/div>\n\t\t\n          <div class=\"col-md-4 mt-4\">\n           \n          \t<a href=\"https:\/\/veniceredhouse.com\/fr\/appartements-a-venise\/calmo-1-sx-apartment\/\"><img loading=\"lazy\" decoding=\"async\" width=\"1920\" height=\"1280\" src=\"https:\/\/veniceredhouse.com\/wp-content\/uploads\/2021\/07\/Calmo_SX_1_Levi_Apartment_01.jpg\" class=\"attachment-full size-full wp-post-image\" alt=\"\" srcset=\"https:\/\/veniceredhouse.com\/wp-content\/uploads\/2021\/07\/Calmo_SX_1_Levi_Apartment_01.jpg 1920w, https:\/\/veniceredhouse.com\/wp-content\/uploads\/2021\/07\/Calmo_SX_1_Levi_Apartment_01-300x200.jpg 300w, https:\/\/veniceredhouse.com\/wp-content\/uploads\/2021\/07\/Calmo_SX_1_Levi_Apartment_01-1024x683.jpg 1024w, https:\/\/veniceredhouse.com\/wp-content\/uploads\/2021\/07\/Calmo_SX_1_Levi_Apartment_01-1536x1024.jpg 1536w, https:\/\/veniceredhouse.com\/wp-content\/uploads\/2021\/07\/Calmo_SX_1_Levi_Apartment_01-1320x880.jpg 1320w\" sizes=\"(max-width: 1920px) 100vw, 1920px\" \/><\/a>\n            <h3 class=\"title-apt-category\"><a href=\"https:\/\/veniceredhouse.com\/fr\/appartements-a-venise\/calmo-1-sx-apartment\/\">Appartement Calmo 1 SX<\/a><\/h3>\n          \t<div class=\"related-img-box-category\"><div class=\"row\"><div class=\"col-3\"><img decoding=\"async\" src=\"\/wp-content\/themes\/veniceredhouse_com\/images\/icone grige Apt\/RHC-Guests.png\" title=\"guests\"><br>5<\/div>\n    <div class=\"col-3\"><img decoding=\"async\" src=\"\/wp-content\/themes\/veniceredhouse_com\/images\/icone grige Apt\/RHC-Beedrooms.png\" title=\"bedrooms\"><br>2<\/div>\n   <div class=\"col-3\"><img decoding=\"async\" src=\"\/wp-content\/themes\/veniceredhouse_com\/images\/icone grige Apt\/RHC-Bed.png\" title=\"beds\"><br>3<\/div>\n   <div class=\"col-3\"><img decoding=\"async\" src=\"\/wp-content\/themes\/veniceredhouse_com\/images\/icone grige Apt\/RHC-Bath.png\" title=\"bathrooms\"><br>2<\/div>\n              <\/div>\n            <div class=\"minimum-price-category\">From: 190 \u20ac\/night<\/div>\n            <\/div><\/div>\n\t\t\n          <div class=\"col-md-4 mt-4\">\n           \n          \t<a href=\"https:\/\/veniceredhouse.com\/fr\/appartements-a-venise\/calmo-1-dx-apartment\/\"><img loading=\"lazy\" decoding=\"async\" width=\"1920\" height=\"1280\" src=\"https:\/\/veniceredhouse.com\/wp-content\/uploads\/2021\/07\/Calmo_DX_1_Levi_Apartment_01.jpg\" class=\"attachment-full size-full wp-post-image\" alt=\"\" srcset=\"https:\/\/veniceredhouse.com\/wp-content\/uploads\/2021\/07\/Calmo_DX_1_Levi_Apartment_01.jpg 1920w, https:\/\/veniceredhouse.com\/wp-content\/uploads\/2021\/07\/Calmo_DX_1_Levi_Apartment_01-300x200.jpg 300w, https:\/\/veniceredhouse.com\/wp-content\/uploads\/2021\/07\/Calmo_DX_1_Levi_Apartment_01-1024x683.jpg 1024w, https:\/\/veniceredhouse.com\/wp-content\/uploads\/2021\/07\/Calmo_DX_1_Levi_Apartment_01-1536x1024.jpg 1536w, https:\/\/veniceredhouse.com\/wp-content\/uploads\/2021\/07\/Calmo_DX_1_Levi_Apartment_01-1320x880.jpg 1320w\" sizes=\"(max-width: 1920px) 100vw, 1920px\" \/><\/a>\n            <h3 class=\"title-apt-category\"><a href=\"https:\/\/veniceredhouse.com\/fr\/appartements-a-venise\/calmo-1-dx-apartment\/\">Appartement Calmo 1 DX<\/a><\/h3>\n          \t<div class=\"related-img-box-category\"><div class=\"row\"><div class=\"col-3\"><img decoding=\"async\" src=\"\/wp-content\/themes\/veniceredhouse_com\/images\/icone grige Apt\/RHC-Guests.png\" title=\"guests\"><br>5<\/div>\n    <div class=\"col-3\"><img decoding=\"async\" src=\"\/wp-content\/themes\/veniceredhouse_com\/images\/icone grige Apt\/RHC-Beedrooms.png\" title=\"bedrooms\"><br>2<\/div>\n   <div class=\"col-3\"><img decoding=\"async\" src=\"\/wp-content\/themes\/veniceredhouse_com\/images\/icone grige Apt\/RHC-Bed.png\" title=\"beds\"><br>3<\/div>\n   <div class=\"col-3\"><img decoding=\"async\" src=\"\/wp-content\/themes\/veniceredhouse_com\/images\/icone grige Apt\/RHC-Bath.png\" title=\"bathrooms\"><br>2<\/div>\n              <\/div>\n            <div class=\"minimum-price-category\">From: 190 \u20ac\/night<\/div>\n            <\/div><\/div>\n\t\t<!-- WPV_Infinite_Scroll -->\n   <\/div>\n\t\n\t\n<div class=\"load-more\"><\/div>\n\t\n<\/div>\n\n<\/div>\n","protected":false},"excerpt":{"rendered":"<p>Une s\u00e9lection de apartements en bord de mer au Lido de Venise: une petite \u00eele connue pour son architecture Art d\u00e9co, ses stations baln\u00e9aires et ses plages de sable Trouvez votre appartement<\/p>\n","protected":false},"author":1,"featured_media":9590,"parent":5499,"menu_order":0,"comment_status":"closed","ping_status":"closed","template":"","meta":{"inline_featured_image":false,"_genesis_hide_title":false,"_genesis_hide_breadcrumbs":false,"_genesis_hide_singular_image":false,"_genesis_hide_footer_widgets":false,"_genesis_custom_body_class":"","_genesis_custom_post_class":"","_genesis_layout":"","footnotes":""},"class_list":{"0":"post-9592","1":"page","2":"type-page","3":"status-publish","4":"has-post-thumbnail","6":"entry"},"yoast_head":"<!-- This site is optimized with the Yoast SEO plugin v25.4 - https:\/\/yoast.com\/wordpress\/plugins\/seo\/ -->\n<title>Apartements au Lido de Venise - Red House Company<\/title>\n<meta name=\"robots\" content=\"index, follow, max-snippet:-1, max-image-preview:large, max-video-preview:-1\" \/>\n<link rel=\"canonical\" href=\"https:\/\/veniceredhouse.com\/fr\/appartements-a-venise\/lido-de-venise\/\" \/>\n<meta property=\"og:locale\" content=\"fr_FR\" \/>\n<meta property=\"og:type\" content=\"article\" \/>\n<meta property=\"og:title\" content=\"Apartements au Lido de Venise - Red House Company\" \/>\n<meta property=\"og:description\" content=\"Une s\u00e9lection de apartements en bord de mer au Lido de Venise: une petite \u00eele connue pour son architecture Art d\u00e9co, ses stations baln\u00e9aires et ses plages de sable Trouvez votre appartement\" \/>\n<meta property=\"og:url\" content=\"https:\/\/veniceredhouse.com\/fr\/appartements-a-venise\/lido-de-venise\/\" \/>\n<meta property=\"og:site_name\" content=\"Red House Company\" \/>\n<meta property=\"article:modified_time\" content=\"2021-07-19T11:10:16+00:00\" \/>\n<meta property=\"og:image\" content=\"https:\/\/veniceredhouse.com\/wp-content\/uploads\/2021\/07\/venice-lido.jpg\" \/>\n\t<meta property=\"og:image:width\" content=\"1920\" \/>\n\t<meta property=\"og:image:height\" content=\"600\" \/>\n\t<meta property=\"og:image:type\" content=\"image\/jpeg\" \/>\n<meta name=\"twitter:card\" content=\"summary_large_image\" \/>\n<script type=\"application\/ld+json\" class=\"yoast-schema-graph\">{\"@context\":\"https:\/\/schema.org\",\"@graph\":[{\"@type\":\"WebPage\",\"@id\":\"https:\/\/veniceredhouse.com\/fr\/appartements-a-venise\/lido-de-venise\/\",\"url\":\"https:\/\/veniceredhouse.com\/fr\/appartements-a-venise\/lido-de-venise\/\",\"name\":\"Apartements au Lido de Venise - Red House Company\",\"isPartOf\":{\"@id\":\"https:\/\/veniceredhouse.com\/fr\/#website\"},\"primaryImageOfPage\":{\"@id\":\"https:\/\/veniceredhouse.com\/fr\/appartements-a-venise\/lido-de-venise\/#primaryimage\"},\"image\":{\"@id\":\"https:\/\/veniceredhouse.com\/fr\/appartements-a-venise\/lido-de-venise\/#primaryimage\"},\"thumbnailUrl\":\"https:\/\/veniceredhouse.com\/wp-content\/uploads\/2021\/07\/venice-lido.jpg\",\"datePublished\":\"2021-07-19T09:30:06+00:00\",\"dateModified\":\"2021-07-19T11:10:16+00:00\",\"breadcrumb\":{\"@id\":\"https:\/\/veniceredhouse.com\/fr\/appartements-a-venise\/lido-de-venise\/#breadcrumb\"},\"inLanguage\":\"fr-FR\",\"potentialAction\":[{\"@type\":\"ReadAction\",\"target\":[\"https:\/\/veniceredhouse.com\/fr\/appartements-a-venise\/lido-de-venise\/\"]}]},{\"@type\":\"ImageObject\",\"inLanguage\":\"fr-FR\",\"@id\":\"https:\/\/veniceredhouse.com\/fr\/appartements-a-venise\/lido-de-venise\/#primaryimage\",\"url\":\"https:\/\/veniceredhouse.com\/wp-content\/uploads\/2021\/07\/venice-lido.jpg\",\"contentUrl\":\"https:\/\/veniceredhouse.com\/wp-content\/uploads\/2021\/07\/venice-lido.jpg\",\"width\":1920,\"height\":600},{\"@type\":\"BreadcrumbList\",\"@id\":\"https:\/\/veniceredhouse.com\/fr\/appartements-a-venise\/lido-de-venise\/#breadcrumb\",\"itemListElement\":[{\"@type\":\"ListItem\",\"position\":1,\"name\":\"Home\",\"item\":\"https:\/\/veniceredhouse.com\/fr\/\"},{\"@type\":\"ListItem\",\"position\":2,\"name\":\"Search page\",\"item\":\"https:\/\/veniceredhouse.com\/fr\/appartements-a-venise\/\"},{\"@type\":\"ListItem\",\"position\":3,\"name\":\"Apartements au Lido de Venise\"}]},{\"@type\":\"WebSite\",\"@id\":\"https:\/\/veniceredhouse.com\/fr\/#website\",\"url\":\"https:\/\/veniceredhouse.com\/fr\/\",\"name\":\"Red House Company\",\"description\":\"Rent Apartments in Venice\",\"publisher\":{\"@id\":\"https:\/\/veniceredhouse.com\/fr\/#organization\"},\"potentialAction\":[{\"@type\":\"SearchAction\",\"target\":{\"@type\":\"EntryPoint\",\"urlTemplate\":\"https:\/\/veniceredhouse.com\/fr\/?s={search_term_string}\"},\"query-input\":{\"@type\":\"PropertyValueSpecification\",\"valueRequired\":true,\"valueName\":\"search_term_string\"}}],\"inLanguage\":\"fr-FR\"},{\"@type\":\"Organization\",\"@id\":\"https:\/\/veniceredhouse.com\/fr\/#organization\",\"name\":\"Red House Company\",\"url\":\"https:\/\/veniceredhouse.com\/fr\/\",\"logo\":{\"@type\":\"ImageObject\",\"inLanguage\":\"fr-FR\",\"@id\":\"https:\/\/veniceredhouse.com\/fr\/#\/schema\/logo\/image\/\",\"url\":\"https:\/\/veniceredhouse.com\/wp-content\/uploads\/2019\/07\/Logo_The-Red-House-Company.png\",\"contentUrl\":\"https:\/\/veniceredhouse.com\/wp-content\/uploads\/2019\/07\/Logo_The-Red-House-Company.png\",\"width\":440,\"height\":200,\"caption\":\"Red House Company\"},\"image\":{\"@id\":\"https:\/\/veniceredhouse.com\/fr\/#\/schema\/logo\/image\/\"}}]}<\/script>\n<!-- \/ Yoast SEO plugin. -->","yoast_head_json":{"title":"Apartements au Lido de Venise - Red House Company","robots":{"index":"index","follow":"follow","max-snippet":"max-snippet:-1","max-image-preview":"max-image-preview:large","max-video-preview":"max-video-preview:-1"},"canonical":"https:\/\/veniceredhouse.com\/fr\/appartements-a-venise\/lido-de-venise\/","og_locale":"fr_FR","og_type":"article","og_title":"Apartements au Lido de Venise - Red House Company","og_description":"Une s\u00e9lection de apartements en bord de mer au Lido de Venise: une petite \u00eele connue pour son architecture Art d\u00e9co, ses stations baln\u00e9aires et ses plages de sable Trouvez votre appartement","og_url":"https:\/\/veniceredhouse.com\/fr\/appartements-a-venise\/lido-de-venise\/","og_site_name":"Red House Company","article_modified_time":"2021-07-19T11:10:16+00:00","og_image":[{"width":1920,"height":600,"url":"https:\/\/veniceredhouse.com\/wp-content\/uploads\/2021\/07\/venice-lido.jpg","type":"image\/jpeg"}],"twitter_card":"summary_large_image","schema":{"@context":"https:\/\/schema.org","@graph":[{"@type":"WebPage","@id":"https:\/\/veniceredhouse.com\/fr\/appartements-a-venise\/lido-de-venise\/","url":"https:\/\/veniceredhouse.com\/fr\/appartements-a-venise\/lido-de-venise\/","name":"Apartements au Lido de Venise - Red House Company","isPartOf":{"@id":"https:\/\/veniceredhouse.com\/fr\/#website"},"primaryImageOfPage":{"@id":"https:\/\/veniceredhouse.com\/fr\/appartements-a-venise\/lido-de-venise\/#primaryimage"},"image":{"@id":"https:\/\/veniceredhouse.com\/fr\/appartements-a-venise\/lido-de-venise\/#primaryimage"},"thumbnailUrl":"https:\/\/veniceredhouse.com\/wp-content\/uploads\/2021\/07\/venice-lido.jpg","datePublished":"2021-07-19T09:30:06+00:00","dateModified":"2021-07-19T11:10:16+00:00","breadcrumb":{"@id":"https:\/\/veniceredhouse.com\/fr\/appartements-a-venise\/lido-de-venise\/#breadcrumb"},"inLanguage":"fr-FR","potentialAction":[{"@type":"ReadAction","target":["https:\/\/veniceredhouse.com\/fr\/appartements-a-venise\/lido-de-venise\/"]}]},{"@type":"ImageObject","inLanguage":"fr-FR","@id":"https:\/\/veniceredhouse.com\/fr\/appartements-a-venise\/lido-de-venise\/#primaryimage","url":"https:\/\/veniceredhouse.com\/wp-content\/uploads\/2021\/07\/venice-lido.jpg","contentUrl":"https:\/\/veniceredhouse.com\/wp-content\/uploads\/2021\/07\/venice-lido.jpg","width":1920,"height":600},{"@type":"BreadcrumbList","@id":"https:\/\/veniceredhouse.com\/fr\/appartements-a-venise\/lido-de-venise\/#breadcrumb","itemListElement":[{"@type":"ListItem","position":1,"name":"Home","item":"https:\/\/veniceredhouse.com\/fr\/"},{"@type":"ListItem","position":2,"name":"Search page","item":"https:\/\/veniceredhouse.com\/fr\/appartements-a-venise\/"},{"@type":"ListItem","position":3,"name":"Apartements au Lido de Venise"}]},{"@type":"WebSite","@id":"https:\/\/veniceredhouse.com\/fr\/#website","url":"https:\/\/veniceredhouse.com\/fr\/","name":"Red House Company","description":"Rent Apartments in Venice","publisher":{"@id":"https:\/\/veniceredhouse.com\/fr\/#organization"},"potentialAction":[{"@type":"SearchAction","target":{"@type":"EntryPoint","urlTemplate":"https:\/\/veniceredhouse.com\/fr\/?s={search_term_string}"},"query-input":{"@type":"PropertyValueSpecification","valueRequired":true,"valueName":"search_term_string"}}],"inLanguage":"fr-FR"},{"@type":"Organization","@id":"https:\/\/veniceredhouse.com\/fr\/#organization","name":"Red House Company","url":"https:\/\/veniceredhouse.com\/fr\/","logo":{"@type":"ImageObject","inLanguage":"fr-FR","@id":"https:\/\/veniceredhouse.com\/fr\/#\/schema\/logo\/image\/","url":"https:\/\/veniceredhouse.com\/wp-content\/uploads\/2019\/07\/Logo_The-Red-House-Company.png","contentUrl":"https:\/\/veniceredhouse.com\/wp-content\/uploads\/2019\/07\/Logo_The-Red-House-Company.png","width":440,"height":200,"caption":"Red House Company"},"image":{"@id":"https:\/\/veniceredhouse.com\/fr\/#\/schema\/logo\/image\/"}}]}},"_links":{"self":[{"href":"https:\/\/veniceredhouse.com\/fr\/wp-json\/wp\/v2\/pages\/9592"}],"collection":[{"href":"https:\/\/veniceredhouse.com\/fr\/wp-json\/wp\/v2\/pages"}],"about":[{"href":"https:\/\/veniceredhouse.com\/fr\/wp-json\/wp\/v2\/types\/page"}],"author":[{"embeddable":true,"href":"https:\/\/veniceredhouse.com\/fr\/wp-json\/wp\/v2\/users\/1"}],"replies":[{"embeddable":true,"href":"https:\/\/veniceredhouse.com\/fr\/wp-json\/wp\/v2\/comments?post=9592"}],"version-history":[{"count":4,"href":"https:\/\/veniceredhouse.com\/fr\/wp-json\/wp\/v2\/pages\/9592\/revisions"}],"predecessor-version":[{"id":9613,"href":"https:\/\/veniceredhouse.com\/fr\/wp-json\/wp\/v2\/pages\/9592\/revisions\/9613"}],"up":[{"embeddable":true,"href":"https:\/\/veniceredhouse.com\/fr\/wp-json\/wp\/v2\/pages\/5499"}],"wp:featuredmedia":[{"embeddable":true,"href":"https:\/\/veniceredhouse.com\/fr\/wp-json\/wp\/v2\/media\/9590"}],"wp:attachment":[{"href":"https:\/\/veniceredhouse.com\/fr\/wp-json\/wp\/v2\/media?parent=9592"}],"curies":[{"name":"wp","href":"https:\/\/api.w.org\/{rel}","templated":true}]}}